{"id":2,"date":"2025-01-10T12:16:33","date_gmt":"2025-01-10T11:16:33","guid":{"rendered":"http:\/\/quadball-heidelberg.de\/?page_id=2"},"modified":"2026-02-15T13:29:29","modified_gmt":"2026-02-15T12:29:29","slug":"beispiel-seite","status":"publish","type":"page","link":"https:\/\/quadball-heidelberg.de\/","title":{"rendered":"Willkommen bei Quadball Heidelberg!"},"content":{"rendered":"\n<h2 class=\"wp-block-heading\"><strong>Quadball in Heidelberg \u2013 mit den Heidelberger Hellhounds<\/strong><\/h2>\n\n\n\n<p>Egal ob Anf\u00e4nger oder erfahrene Spieler: bei uns findest du Teamgeist, Fairplay und sportliche Leidenschaft. Wir trainieren regelm\u00e4\u00dfig in Heidelberg-Kirchheim und Neuenheim und nehmen an nationalen Turnieren sowie am Ligabetrieb der S\u00fcdliga teil.<\/p>\n\n\n\n<p>Wenn du Quadball in Heidelberg und der Region spielen m\u00f6chtest, bist du bei uns genau richtig!<\/p>\n\n\n\n<div class=\"wp-block-columns is-layout-flex wp-container-core-columns-is-layout-9d6595d7 wp-block-columns-is-layout-flex\">\n<div class=\"wp-block-column is-layout-flow wp-block-column-is-layout-flow\" style=\"flex-basis:50%\">\n<blockquote class=\"wp-block-quote is-layout-flow wp-block-quote-is-layout-flow\">\n<div class=\"wp-block-columns is-layout-flex wp-container-core-columns-is-layout-9d6595d7 wp-block-columns-is-layout-flex\">\n<div class=\"wp-block-column is-layout-flow wp-block-column-is-layout-flow\" style=\"flex-basis:100%\">\n<h2 class=\"wp-block-heading\">Unsere Trainingszeiten<\/h2>\n\n\n\n<p>Montags: 18:30-20:30 Uhr<\/p>\n\n\n\n<p>Mittwochs: 18:30 &#8211; 20:30 Uhr<\/p>\n\n\n\n<p>Samstags: 10:00-12:00 Uhr<\/p>\n\n\n\n<p><\/p>\n\n\n\n<h3 class=\"wp-block-heading\">Fragen zum Training?<\/h3>\n\n\n\n<p>Melde dich via Instagram bei <a href=\"https:\/\/www.instagram.com\/quadball.heidelberg\/\" data-type=\"link\" data-id=\"https:\/\/www.instagram.com\/quadball.heidelberg\/\" target=\"_blank\" rel=\"noreferrer noopener\">@quadball.heidelberg<\/a> oder per Mail bei unserem Trainerteam: <a href=\"mailto:trainerteam@quadball-heidelberg.de\" data-type=\"mailto\" data-id=\"mailto:trainerteam@quadball-heidelberg.de\" target=\"_blank\" rel=\"noreferrer noopener\">trainerteam@quadball-heidelberg.de<\/a><\/p>\n<\/div>\n<\/div>\n<\/blockquote>\n<\/div>\n\n\n\n<div class=\"wp-block-column is-layout-flow wp-block-column-is-layout-flow\" style=\"flex-basis:50%\">\n<iframe src=\"https:\/\/www.google.com\/maps\/embed?pb=!1m18!1m12!1m3!1d2595.1814618886538!2d8.656673076194052!3d49.4243832714145!2m3!1f0!2f0!3f0!3m2!1i1024!2i768!4f13.1!3m3!1m2!1s0x4797c17901f41da3%3A0x6b2dc8c759fbaf8a!2sHeidelberger%20HellHounds%20-%20Quadball%20Heidelberg%20e.V.!5e0!3m2!1sde!2sde!4v1771156119611!5m2!1sde!2sde\" width=\"600\" height=\"450\" style=\"border:0;\" allowfullscreen=\"\" loading=\"lazy\" referrerpolicy=\"no-referrer-when-downgrade\"><\/iframe>\n<\/div>\n<\/div>\n\n\n\n<h2 class=\"wp-block-heading\">Was ist Quadball?<\/h2>\n\n\n\n<div class=\"wp-block-columns is-layout-flex wp-container-core-columns-is-layout-9d6595d7 wp-block-columns-is-layout-flex\">\n<div class=\"wp-block-column is-layout-flow wp-block-column-is-layout-flow\" style=\"flex-basis:100%\">\n<p>Quadball ist eine dynamische, gemischtgeschlechtliche Teamsportart, die Elemente aus Handball, Rugby und V\u00f6lkerball kombiniert. Gespielt wird mit mehreren B\u00e4llen und drei verschiedenen Positionen auf dem Feld.<\/p>\n<\/div>\n<\/div>\n\n\n\n<p>Urspr\u00fcnglich in den USA entwickelt, wird Quadball seit 2016 auch in Deutschland immer beliebter. Mit etwa 35 Teams in ganz Deutschland haben wir eine gro\u00dfe Community aufgebaut, die sich in regionalen Ligen und bei nationalen Turnieren trifft.<\/p>\n\n\n\n<p>Wenn du Quadball einmal live erleben m\u00f6chtest, hast du in Heidelberg regelm\u00e4\u00dfig die Gelegenheit dazu. Neben unseren regul\u00e4ren Trainings bieten unsere Heimspieltage die perfekte Chance daf\u00fcr. Wann diese stattfinden, erf\u00e4hrst du hier \u2013 oder auf unserem Instagram Kanal.<\/p>\n\n\n\n<h2 class=\"wp-block-heading\">Quadball live und in Farbe<\/h2>\n\n\n\n<figure class=\"wp-block-gallery has-nested-images columns-default is-cropped wp-block-gallery-1 is-layout-flex wp-block-gallery-is-layout-flex\">\n<figure class=\"wp-block-image size-large\"><img loading=\"lazy\" decoding=\"async\" width=\"1024\" height=\"683\" data-id=\"38\" src=\"https:\/\/quadball-heidelberg.de\/wp-content\/uploads\/2026\/02\/GIO_2690-1024x683.jpg\" alt=\"\" class=\"wp-image-38\" srcset=\"https:\/\/quadball-heidelberg.de\/wp-content\/uploads\/2026\/02\/GIO_2690-1024x683.jpg 1024w, https:\/\/quadball-heidelberg.de\/wp-content\/uploads\/2026\/02\/GIO_2690-300x200.jpg 300w, https:\/\/quadball-heidelberg.de\/wp-content\/uploads\/2026\/02\/GIO_2690-768x512.jpg 768w, https:\/\/quadball-heidelberg.de\/wp-content\/uploads\/2026\/02\/GIO_2690-1536x1024.jpg 1536w, https:\/\/quadball-heidelberg.de\/wp-content\/uploads\/2026\/02\/GIO_2690-2048x1365.jpg 2048w\" sizes=\"auto, (max-width: 1024px) 100vw, 1024px\" \/><figcaption class=\"wp-element-caption\">Ein Seeker versucht, den Schnatz zu fangen. Foto von wiecekw_photo<\/figcaption><\/figure>\n\n\n\n<figure class=\"wp-block-image size-large\"><img loading=\"lazy\" decoding=\"async\" width=\"1024\" height=\"682\" data-id=\"41\" src=\"https:\/\/quadball-heidelberg.de\/wp-content\/uploads\/2026\/02\/IMG_7693-1024x682.jpg\" alt=\"\" class=\"wp-image-41\" srcset=\"https:\/\/quadball-heidelberg.de\/wp-content\/uploads\/2026\/02\/IMG_7693-1024x682.jpg 1024w, https:\/\/quadball-heidelberg.de\/wp-content\/uploads\/2026\/02\/IMG_7693-300x200.jpg 300w, https:\/\/quadball-heidelberg.de\/wp-content\/uploads\/2026\/02\/IMG_7693-768x512.jpg 768w, https:\/\/quadball-heidelberg.de\/wp-content\/uploads\/2026\/02\/IMG_7693-1536x1023.jpg 1536w, https:\/\/quadball-heidelberg.de\/wp-content\/uploads\/2026\/02\/IMG_7693-2048x1364.jpg 2048w\" sizes=\"auto, (max-width: 1024px) 100vw, 1024px\" \/><figcaption class=\"wp-element-caption\">Mit der Starting Procedure beginnt das Spiel. Foto von Ira Struebel<\/figcaption><\/figure>\n\n\n\n<figure class=\"wp-block-image size-large\"><img loading=\"lazy\" decoding=\"async\" width=\"1024\" height=\"682\" data-id=\"40\" src=\"https:\/\/quadball-heidelberg.de\/wp-content\/uploads\/2026\/02\/IMG_7713-1024x682.jpg\" alt=\"\" class=\"wp-image-40\" srcset=\"https:\/\/quadball-heidelberg.de\/wp-content\/uploads\/2026\/02\/IMG_7713-1024x682.jpg 1024w, https:\/\/quadball-heidelberg.de\/wp-content\/uploads\/2026\/02\/IMG_7713-300x200.jpg 300w, https:\/\/quadball-heidelberg.de\/wp-content\/uploads\/2026\/02\/IMG_7713-768x511.jpg 768w, https:\/\/quadball-heidelberg.de\/wp-content\/uploads\/2026\/02\/IMG_7713-1536x1022.jpg 1536w, https:\/\/quadball-heidelberg.de\/wp-content\/uploads\/2026\/02\/IMG_7713-2048x1363.jpg 2048w\" sizes=\"auto, (max-width: 1024px) 100vw, 1024px\" \/><figcaption class=\"wp-element-caption\">Trotz einer starken Defense gelingt das Tor f\u00fcr die Hellhounds. Foto von Ira Struebel<\/figcaption><\/figure>\n\n\n\n<figure class=\"wp-block-image size-large\"><img loading=\"lazy\" decoding=\"async\" width=\"1024\" height=\"683\" data-id=\"42\" src=\"https:\/\/quadball-heidelberg.de\/wp-content\/uploads\/2026\/02\/EQC2024_Honeybadger_Hundis-OldSchool-23-1024x683.jpg\" alt=\"\" class=\"wp-image-42\" srcset=\"https:\/\/quadball-heidelberg.de\/wp-content\/uploads\/2026\/02\/EQC2024_Honeybadger_Hundis-OldSchool-23-1024x683.jpg 1024w, https:\/\/quadball-heidelberg.de\/wp-content\/uploads\/2026\/02\/EQC2024_Honeybadger_Hundis-OldSchool-23-300x200.jpg 300w, https:\/\/quadball-heidelberg.de\/wp-content\/uploads\/2026\/02\/EQC2024_Honeybadger_Hundis-OldSchool-23-768x512.jpg 768w, https:\/\/quadball-heidelberg.de\/wp-content\/uploads\/2026\/02\/EQC2024_Honeybadger_Hundis-OldSchool-23-1536x1025.jpg 1536w, https:\/\/quadball-heidelberg.de\/wp-content\/uploads\/2026\/02\/EQC2024_Honeybadger_Hundis-OldSchool-23.jpg 2048w\" sizes=\"auto, (max-width: 1024px) 100vw, 1024px\" \/><figcaption class=\"wp-element-caption\">W\u00e4hrend der Seeker am Schnatz ist, h\u00e4lt der Beater die Gegner:innen fern.<\/figcaption><\/figure>\n\n\n\n<figure class=\"wp-block-image size-large\"><img loading=\"lazy\" decoding=\"async\" width=\"1024\" height=\"683\" data-id=\"44\" src=\"https:\/\/quadball-heidelberg.de\/wp-content\/uploads\/2026\/02\/EQC2024_Honeybadger_Hundis-Southsea-42-1024x683.jpg\" alt=\"\" class=\"wp-image-44\" srcset=\"https:\/\/quadball-heidelberg.de\/wp-content\/uploads\/2026\/02\/EQC2024_Honeybadger_Hundis-Southsea-42-1024x683.jpg 1024w, https:\/\/quadball-heidelberg.de\/wp-content\/uploads\/2026\/02\/EQC2024_Honeybadger_Hundis-Southsea-42-300x200.jpg 300w, https:\/\/quadball-heidelberg.de\/wp-content\/uploads\/2026\/02\/EQC2024_Honeybadger_Hundis-Southsea-42-768x512.jpg 768w, https:\/\/quadball-heidelberg.de\/wp-content\/uploads\/2026\/02\/EQC2024_Honeybadger_Hundis-Southsea-42-1536x1024.jpg 1536w, https:\/\/quadball-heidelberg.de\/wp-content\/uploads\/2026\/02\/EQC2024_Honeybadger_Hundis-Southsea-42.jpg 2048w\" sizes=\"auto, (max-width: 1024px) 100vw, 1024px\" \/><figcaption class=\"wp-element-caption\">Foto von Honeybadger<\/figcaption><\/figure>\n\n\n\n<figure class=\"wp-block-image size-large\"><img loading=\"lazy\" decoding=\"async\" width=\"1024\" height=\"683\" data-id=\"43\" src=\"https:\/\/quadball-heidelberg.de\/wp-content\/uploads\/2026\/02\/EQC2024_Honeybadger_Hundis-Southsea-60-1024x683.jpg\" alt=\"\" class=\"wp-image-43\" srcset=\"https:\/\/quadball-heidelberg.de\/wp-content\/uploads\/2026\/02\/EQC2024_Honeybadger_Hundis-Southsea-60-1024x683.jpg 1024w, https:\/\/quadball-heidelberg.de\/wp-content\/uploads\/2026\/02\/EQC2024_Honeybadger_Hundis-Southsea-60-300x200.jpg 300w, https:\/\/quadball-heidelberg.de\/wp-content\/uploads\/2026\/02\/EQC2024_Honeybadger_Hundis-Southsea-60-768x512.jpg 768w, https:\/\/quadball-heidelberg.de\/wp-content\/uploads\/2026\/02\/EQC2024_Honeybadger_Hundis-Southsea-60-1536x1024.jpg 1536w, https:\/\/quadball-heidelberg.de\/wp-content\/uploads\/2026\/02\/EQC2024_Honeybadger_Hundis-Southsea-60.jpg 2048w\" sizes=\"auto, (max-width: 1024px) 100vw, 1024px\" \/><figcaption class=\"wp-element-caption\">Foto von Honeybadger<\/figcaption><\/figure>\n<\/figure>\n\n\n\n<hr class=\"wp-block-separator aligncenter has-alpha-channel-opacity is-style-wide\"\/>\n\n\n\n<h2 class=\"wp-block-heading\">Dein Kontakt zu uns<\/h2>\n\n\n\n<div class=\"wp-block-columns is-layout-flex wp-container-core-columns-is-layout-9d6595d7 wp-block-columns-is-layout-flex\">\n<div class=\"wp-block-column is-layout-flow wp-block-column-is-layout-flow\">\n<h4 class=\"wp-block-heading\">Vorstand<\/h4>\n\n\n\n<p>Ob Mitgliedschaft, Kooperationen oder Mediananfragen: F\u00fcr Vereinsanliegen steht unser Vorstand Frage und Antwort:<\/p>\n\n\n\n<p><a href=\"mailto:vorstand@quadball-heidelberg.de\">vorstand@quadball-heidelberg.de<\/a><\/p>\n<\/div>\n\n\n\n<div class=\"wp-block-column is-layout-flow wp-block-column-is-layout-flow\">\n<h4 class=\"wp-block-heading\">Trainerteam<\/h4>\n\n\n\n<p>Bei Fragen rund um das Training steht unser Trainerteam per Mail zur Verf\u00fcgung:<\/p>\n\n\n\n<p><a href=\"mailto:trainerteam@quadball-heidelberg.de\">trainerteam@quadball-heidelberg.de<\/a><\/p>\n<\/div>\n\n\n\n<div class=\"wp-block-column is-layout-flow wp-block-column-is-layout-flow\">\n<h4 class=\"wp-block-heading\">Allgemeine Anfragen<\/h4>\n\n\n\n<p>Allgemeine Anfragen kannst du am besten via Instagram an uns stellen. Wir melden uns schnellstm\u00f6glich bei dir zur\u00fcck:<\/p>\n\n\n\n<p><a href=\"https:\/\/www.instagram.com\/quadball.heidelberg\/\">@quadball.heidelberg<\/a><\/p>\n<\/div>\n<\/div>\n\n\n\n<p><\/p>\n","protected":false},"excerpt":{"rendered":"<p>Quadball in Heidelberg \u2013 mit den Heidelberger Hellhounds Egal ob Anf\u00e4nger oder erfahrene Spieler: bei uns findest du Teamgeist, Fairplay und sportliche Leidenschaft. Wir trainieren regelm\u00e4\u00dfig in Heidelberg-Kirchheim und Neuenheim und nehmen an nationalen Turnieren sowie am Ligabetrieb der S\u00fcdliga teil. Wenn du Quadball in Heidelberg und der Region spielen m\u00f6chtest, bist du bei uns [&hellip;]<\/p>\n","protected":false},"author":1,"featured_media":13,"parent":0,"menu_order":0,"comment_status":"closed","ping_status":"open","template":"","meta":{"footnotes":""},"class_list":["post-2","page","type-page","status-publish","has-post-thumbnail","hentry"],"_links":{"self":[{"href":"https:\/\/quadball-heidelberg.de\/index.php?rest_route=\/wp\/v2\/pages\/2","targetHints":{"allow":["GET"]}}],"collection":[{"href":"https:\/\/quadball-heidelberg.de\/index.php?rest_route=\/wp\/v2\/pages"}],"about":[{"href":"https:\/\/quadball-heidelberg.de\/index.php?rest_route=\/wp\/v2\/types\/page"}],"author":[{"embeddable":true,"href":"https:\/\/quadball-heidelberg.de\/index.php?rest_route=\/wp\/v2\/users\/1"}],"replies":[{"embeddable":true,"href":"https:\/\/quadball-heidelberg.de\/index.php?rest_route=%2Fwp%2Fv2%2Fcomments&post=2"}],"version-history":[{"count":19,"href":"https:\/\/quadball-heidelberg.de\/index.php?rest_route=\/wp\/v2\/pages\/2\/revisions"}],"predecessor-version":[{"id":46,"href":"https:\/\/quadball-heidelberg.de\/index.php?rest_route=\/wp\/v2\/pages\/2\/revisions\/46"}],"wp:featuredmedia":[{"embeddable":true,"href":"https:\/\/quadball-heidelberg.de\/index.php?rest_route=\/wp\/v2\/media\/13"}],"wp:attachment":[{"href":"https:\/\/quadball-heidelberg.de\/index.php?rest_route=%2Fwp%2Fv2%2Fmedia&parent=2"}],"curies":[{"name":"wp","href":"https:\/\/api.w.org\/{rel}","templated":true}]}}